{"id":142,"date":"2021-01-20T17:21:31","date_gmt":"2021-01-20T17:21:31","guid":{"rendered":"https:\/\/rozsakertvendeghaz.hu\/hu\/?page_id=142"},"modified":"2025-08-14T09:27:10","modified_gmt":"2025-08-14T09:27:10","slug":"elerhetosegek","status":"publish","type":"page","link":"https:\/\/rozsakertvendeghaz.hu\/hu\/elerhetosegek\/","title":{"rendered":"EL\u00c9RHET\u0150S\u00c9GEK"},"content":{"rendered":"\t\t<div data-elementor-type=\"wp-page\" data-elementor-id=\"142\" class=\"elementor elementor-142\" data-elementor-settings=\"[]\">\n\t\t\t\t\t\t<div class=\"elementor-inner\">\n\t\t\t\t\t\t\t<div class=\"elementor-section-wrap\">\n\t\t\t\t\t\t\t<section class=\"elementor-section elementor-top-section elementor-element elementor-element-5ba36d68 elementor-section-full_width elementor-section-height-min-height elementor-section-items-stretch elementor-section-content-middle elementor-section-height-default\" data-id=\"5ba36d68\" data-element_type=\"section\" data-settings=\"{&quot;background_background&quot;:&quot;classic&quot;}\">\n\t\t\t\t\t\t<div class=\"elementor-container elementor-column-gap-no\">\n\t\t\t\t\t\t\t<div class=\"elementor-row\">\n\t\t\t\t\t<div class=\"elementor-column elementor-col-50 elementor-top-column elementor-element elementor-element-dba49f8\" data-id=\"dba49f8\" data-element_type=\"column\">\n\t\t\t<div class=\"elementor-column-wrap elementor-element-populated\">\n\t\t\t\t\t\t\t<div class=\"elementor-widget-wrap\">\n\t\t\t\t\t\t<div class=\"elementor-element elementor-element-8678775 elementor-widget elementor-widget-image\" data-id=\"8678775\" data-element_type=\"widget\" data-widget_type=\"image.default\">\n\t\t\t\t<div class=\"elementor-widget-container\">\n\t\t\t\t\t<div class=\"elementor-image\">\n\t\t\t\t\t\t\t\t\t\t<img loading=\"lazy\" decoding=\"async\" width=\"982\" height=\"1472\" src=\"https:\/\/rozsakertvendeghaz.hu\/hu\/wp-content\/uploads\/2021\/01\/DSC5557.jpg\" class=\"attachment-2048x2048 size-2048x2048\" alt=\"\" srcset=\"https:\/\/rozsakertvendeghaz.hu\/hu\/wp-content\/uploads\/2021\/01\/DSC5557.jpg 982w, https:\/\/rozsakertvendeghaz.hu\/hu\/wp-content\/uploads\/2021\/01\/DSC5557-200x300.jpg 200w, https:\/\/rozsakertvendeghaz.hu\/hu\/wp-content\/uploads\/2021\/01\/DSC5557-683x1024.jpg 683w, https:\/\/rozsakertvendeghaz.hu\/hu\/wp-content\/uploads\/2021\/01\/DSC5557-768x1151.jpg 768w\" sizes=\"auto, (max-width: 982px) 100vw, 982px\" \/>\t\t\t\t\t\t\t\t\t\t\t<\/div>\n\t\t\t\t<\/div>\n\t\t\t\t<\/div>\n\t\t\t\t\t\t<\/div>\n\t\t\t\t\t<\/div>\n\t\t<\/div>\n\t\t\t\t<div class=\"elementor-column elementor-col-50 elementor-top-column elementor-element elementor-element-170d6e9b\" data-id=\"170d6e9b\" data-element_type=\"column\" data-settings=\"{&quot;background_background&quot;:&quot;classic&quot;}\">\n\t\t\t<div class=\"elementor-column-wrap elementor-element-populated\">\n\t\t\t\t\t\t\t<div class=\"elementor-widget-wrap\">\n\t\t\t\t\t\t<div class=\"elementor-element elementor-element-71c21f5e elementor-widget elementor-widget-heading\" data-id=\"71c21f5e\" data-element_type=\"widget\" data-widget_type=\"heading.default\">\n\t\t\t\t<div class=\"elementor-widget-container\">\n\t\t\t<h2 class=\"elementor-heading-title elementor-size-default\">Keressen<br> bizalommal:<\/h2>\t\t<\/div>\n\t\t\t\t<\/div>\n\t\t\t\t<div class=\"elementor-element elementor-element-2f96f80f animated-slow elementor-invisible elementor-widget elementor-widget-text-editor\" data-id=\"2f96f80f\" data-element_type=\"widget\" data-settings=\"{&quot;_animation&quot;:&quot;fadeIn&quot;}\" data-widget_type=\"text-editor.default\">\n\t\t\t\t<div class=\"elementor-widget-container\">\n\t\t\t\t\t<div class=\"elementor-text-editor elementor-clearfix\"><p><span style=\"text-decoration: underline;\"><strong>Telefon:<\/strong><\/span><\/p><p>+36 30 274 0787<\/p><p>+36 30 524 3843<\/p><p>+36 35 546 930<\/p><p><span style=\"text-decoration: underline;\"><strong>E-mail:<\/strong><\/span><\/p><p>rozsakerthonlap@gmail.com<\/p><p><span style=\"text-decoration: underline;\"><strong>C\u00edm:<\/strong><\/span><\/p><p>2654 Romh\u00e1ny,<\/p><p>Kossuth Lajos \u00fat 73\/D<\/p><\/div>\n\t\t\t\t<\/div>\n\t\t\t\t<\/div>\n\t\t\t\t\t\t<\/div>\n\t\t\t\t\t<\/div>\n\t\t<\/div>\n\t\t\t\t\t\t\t\t<\/div>\n\t\t\t\t\t<\/div>\n\t\t<\/section>\n\t\t\t\t<section class=\"elementor-section elementor-top-section elementor-element elementor-element-8d67fcd elementor-section-boxed elementor-section-height-default elementor-section-height-default\" data-id=\"8d67fcd\" data-element_type=\"section\">\n\t\t\t\t\t\t<div class=\"elementor-container elementor-column-gap-default\">\n\t\t\t\t\t\t\t<div class=\"elementor-row\">\n\t\t\t\t\t<div class=\"elementor-column elementor-col-100 elementor-top-column elementor-element elementor-element-63c9339\" data-id=\"63c9339\" data-element_type=\"column\">\n\t\t\t<div class=\"elementor-column-wrap elementor-element-populated\">\n\t\t\t\t\t\t\t<div class=\"elementor-widget-wrap\">\n\t\t\t\t\t\t<div class=\"elementor-element elementor-element-676c9d9 elementor-widget elementor-widget-spacer\" data-id=\"676c9d9\" data-element_type=\"widget\" data-widget_type=\"spacer.default\">\n\t\t\t\t<div class=\"elementor-widget-container\">\n\t\t\t\t\t<div class=\"elementor-spacer\">\n\t\t\t<div class=\"elementor-spacer-inner\"><\/div>\n\t\t<\/div>\n\t\t\t\t<\/div>\n\t\t\t\t<\/div>\n\t\t\t\t\t\t<\/div>\n\t\t\t\t\t<\/div>\n\t\t<\/div>\n\t\t\t\t\t\t\t\t<\/div>\n\t\t\t\t\t<\/div>\n\t\t<\/section>\n\t\t\t\t<section class=\"elementor-section elementor-top-section elementor-element elementor-element-63edee0 elementor-section-boxed elementor-section-height-default elementor-section-height-default\" data-id=\"63edee0\" data-element_type=\"section\">\n\t\t\t\t\t\t<div class=\"elementor-container elementor-column-gap-default\">\n\t\t\t\t\t\t\t<div class=\"elementor-row\">\n\t\t\t\t\t<div class=\"elementor-column elementor-col-100 elementor-top-column elementor-element elementor-element-84606a6\" data-id=\"84606a6\" data-element_type=\"column\">\n\t\t\t<div class=\"elementor-column-wrap elementor-element-populated\">\n\t\t\t\t\t\t\t<div class=\"elementor-widget-wrap\">\n\t\t\t\t\t\t<div class=\"elementor-element elementor-element-1ecbdea elementor-widget elementor-widget-heading\" data-id=\"1ecbdea\" data-element_type=\"widget\" data-widget_type=\"heading.default\">\n\t\t\t\t<div class=\"elementor-widget-container\">\n\t\t\t<h2 class=\"elementor-heading-title elementor-size-default\">K\u00fcldje el foglal\u00e1si ig\u00e9ny\u00e9t nek\u00fcnk m\u00e1r most!<\/h2>\t\t<\/div>\n\t\t\t\t<\/div>\n\t\t\t\t\t\t<\/div>\n\t\t\t\t\t<\/div>\n\t\t<\/div>\n\t\t\t\t\t\t\t\t<\/div>\n\t\t\t\t\t<\/div>\n\t\t<\/section>\n\t\t\t\t<section class=\"elementor-section elementor-top-section elementor-element elementor-element-c356f59 elementor-section-boxed elementor-section-height-default elementor-section-height-default\" data-id=\"c356f59\" data-element_type=\"section\">\n\t\t\t\t\t\t<div class=\"elementor-container elementor-column-gap-default\">\n\t\t\t\t\t\t\t<div class=\"elementor-row\">\n\t\t\t\t\t<div class=\"elementor-column elementor-col-100 elementor-top-column elementor-element elementor-element-f969270\" data-id=\"f969270\" data-element_type=\"column\">\n\t\t\t<div class=\"elementor-column-wrap elementor-element-populated\">\n\t\t\t\t\t\t\t<div class=\"elementor-widget-wrap\">\n\t\t\t\t\t\t<div class=\"elementor-element elementor-element-e4721ab elementor-widget elementor-widget-spacer\" data-id=\"e4721ab\" data-element_type=\"widget\" data-widget_type=\"spacer.default\">\n\t\t\t\t<div class=\"elementor-widget-container\">\n\t\t\t\t\t<div class=\"elementor-spacer\">\n\t\t\t<div class=\"elementor-spacer-inner\"><\/div>\n\t\t<\/div>\n\t\t\t\t<\/div>\n\t\t\t\t<\/div>\n\t\t\t\t\t\t<\/div>\n\t\t\t\t\t<\/div>\n\t\t<\/div>\n\t\t\t\t\t\t\t\t<\/div>\n\t\t\t\t\t<\/div>\n\t\t<\/section>\n\t\t\t\t<section class=\"elementor-section elementor-top-section elementor-element elementor-element-6805be9e elementor-section-full_width elementor-section-content-middle elementor-reverse-mobile elementor-section-height-default elementor-section-height-default\" data-id=\"6805be9e\" data-element_type=\"section\">\n\t\t\t\t\t\t<div class=\"elementor-container elementor-column-gap-no\">\n\t\t\t\t\t\t\t<div class=\"elementor-row\">\n\t\t\t\t\t<div class=\"elementor-column elementor-col-100 elementor-top-column elementor-element elementor-element-58583223\" data-id=\"58583223\" data-element_type=\"column\" data-settings=\"{&quot;background_background&quot;:&quot;classic&quot;}\">\n\t\t\t<div class=\"elementor-column-wrap elementor-element-populated\">\n\t\t\t\t\t\t\t<div class=\"elementor-widget-wrap\">\n\t\t\t\t\t\t<div class=\"elementor-element elementor-element-175ef372 elementor-widget elementor-widget-google_maps\" data-id=\"175ef372\" data-element_type=\"widget\" data-widget_type=\"google_maps.default\">\n\t\t\t\t<div class=\"elementor-widget-container\">\n\t\t\t<div class=\"elementor-custom-embed\"><iframe frameborder=\"0\" scrolling=\"no\" marginheight=\"0\" marginwidth=\"0\" src=\"https:\/\/maps.google.com\/maps?q=Romh%C3%A1ny%20Kossuth%20%C3%BAt%2073%2FD&amp;t=m&amp;z=9&amp;output=embed&amp;iwloc=near\" title=\"Romh\u00e1ny Kossuth \u00fat 73\/D\" aria-label=\"Romh\u00e1ny Kossuth \u00fat 73\/D\"><\/iframe><\/div>\t\t<\/div>\n\t\t\t\t<\/div>\n\t\t\t\t\t\t<\/div>\n\t\t\t\t\t<\/div>\n\t\t<\/div>\n\t\t\t\t\t\t\t\t<\/div>\n\t\t\t\t\t<\/div>\n\t\t<\/section>\n\t\t\t\t\t\t<\/div>\n\t\t\t\t\t\t<\/div>\n\t\t\t\t\t<\/div>\n\t\t","protected":false},"excerpt":{"rendered":"<p>Keressen bizalommal: Telefon: +36 30 274 0787 +36 30 524 3843 +36 35 546 930 E-mail: rozsakerthonlap@gmail.com C\u00edm: 2654 Romh\u00e1ny, Kossuth Lajos \u00fat 73\/D K\u00fcldje el foglal\u00e1si ig\u00e9ny\u00e9t nek\u00fcnk m\u00e1r most!<\/p>\n","protected":false},"author":1,"featured_media":0,"parent":0,"menu_order":0,"comment_status":"closed","ping_status":"closed","template":"","meta":{"footnotes":""},"class_list":["post-142","page","type-page","status-publish","hentry","entry"],"_links":{"self":[{"href":"https:\/\/rozsakertvendeghaz.hu\/hu\/wp-json\/wp\/v2\/pages\/142","targetHints":{"allow":["GET"]}}],"collection":[{"href":"https:\/\/rozsakertvendeghaz.hu\/hu\/wp-json\/wp\/v2\/pages"}],"about":[{"href":"https:\/\/rozsakertvendeghaz.hu\/hu\/wp-json\/wp\/v2\/types\/page"}],"author":[{"embeddable":true,"href":"https:\/\/rozsakertvendeghaz.hu\/hu\/wp-json\/wp\/v2\/users\/1"}],"replies":[{"embeddable":true,"href":"https:\/\/rozsakertvendeghaz.hu\/hu\/wp-json\/wp\/v2\/comments?post=142"}],"version-history":[{"count":57,"href":"https:\/\/rozsakertvendeghaz.hu\/hu\/wp-json\/wp\/v2\/pages\/142\/revisions"}],"predecessor-version":[{"id":962,"href":"https:\/\/rozsakertvendeghaz.hu\/hu\/wp-json\/wp\/v2\/pages\/142\/revisions\/962"}],"wp:attachment":[{"href":"https:\/\/rozsakertvendeghaz.hu\/hu\/wp-json\/wp\/v2\/media?parent=142"}],"curies":[{"name":"wp","href":"https:\/\/api.w.org\/{rel}","templated":true}]}}