{"id":19,"date":"2021-01-19T12:25:46","date_gmt":"2021-01-19T12:25:46","guid":{"rendered":"https:\/\/rozsakertvendeghaz.hu\/hu\/?page_id=19"},"modified":"2021-02-14T10:40:26","modified_gmt":"2021-02-14T10:40:26","slug":"kezdolap","status":"publish","type":"page","link":"https:\/\/rozsakertvendeghaz.hu\/hu\/","title":{"rendered":"Kezd\u0151lap"},"content":{"rendered":"\n<p>\u00dcdv\u00f6zlet! Ez az a kezd\u0151oldal, amellyel &#8211; \u00e1ltal\u00e1ban &#8211; a honlapot felkeres\u0151 l\u00e1togat\u00f3k legels\u0151k\u00e9nt tal\u00e1lkoznak.<\/p>\n","protected":false},"excerpt":{"rendered":"<p>\u00dcdv\u00f6zlet! Ez az a kezd\u0151oldal, amellyel &#8211; \u00e1ltal\u00e1ban &#8211; a honlapot felkeres\u0151 l\u00e1togat\u00f3k legels\u0151k\u00e9nt tal\u00e1lkoznak.<\/p>\n","protected":false},"author":1,"featured_media":0,"parent":0,"menu_order":0,"comment_status":"closed","ping_status":"closed","template":"","meta":{"footnotes":""},"class_list":["post-19","page","type-page","status-publish","hentry","entry"],"_links":{"self":[{"href":"https:\/\/rozsakertvendeghaz.hu\/hu\/wp-json\/wp\/v2\/pages\/19","targetHints":{"allow":["GET"]}}],"collection":[{"href":"https:\/\/rozsakertvendeghaz.hu\/hu\/wp-json\/wp\/v2\/pages"}],"about":[{"href":"https:\/\/rozsakertvendeghaz.hu\/hu\/wp-json\/wp\/v2\/types\/page"}],"author":[{"embeddable":true,"href":"https:\/\/rozsakertvendeghaz.hu\/hu\/wp-json\/wp\/v2\/users\/1"}],"replies":[{"embeddable":true,"href":"https:\/\/rozsakertvendeghaz.hu\/hu\/wp-json\/wp\/v2\/comments?post=19"}],"version-history":[{"count":1,"href":"https:\/\/rozsakertvendeghaz.hu\/hu\/wp-json\/wp\/v2\/pages\/19\/revisions"}],"predecessor-version":[{"id":22,"href":"https:\/\/rozsakertvendeghaz.hu\/hu\/wp-json\/wp\/v2\/pages\/19\/revisions\/22"}],"wp:attachment":[{"href":"https:\/\/rozsakertvendeghaz.hu\/hu\/wp-json\/wp\/v2\/media?parent=19"}],"curies":[{"name":"wp","href":"https:\/\/api.w.org\/{rel}","templated":true}]}}